{"id":72,"date":"2026-02-02T04:31:12","date_gmt":"2026-02-02T04:31:12","guid":{"rendered":"https:\/\/wonderdome.de\/?page_id=72"},"modified":"2026-04-29T14:34:03","modified_gmt":"2026-04-29T14:34:03","slug":"impressum","status":"publish","type":"page","link":"https:\/\/wonderdome.de\/de\/impressum\/","title":{"rendered":"IMPRESSUM"},"content":{"rendered":"\t\t<div data-elementor-type=\"wp-page\" data-elementor-id=\"72\" class=\"elementor elementor-72\" data-elementor-post-type=\"page\">\n\t\t\t\t<div class=\"elementor-element elementor-element-ef9d6e3 e-con-full e-flex e-con e-parent\" data-id=\"ef9d6e3\" data-element_type=\"container\" data-e-type=\"container\" data-settings=\"{&quot;background_background&quot;:&quot;classic&quot;,&quot;position&quot;:&quot;fixed&quot;}\">\n\t\t\t\t<div class=\"elementor-element elementor-element-59fceb6 elementor-widget__width-initial elementor-hidden-mobile elementor-widget elementor-widget-theme-site-logo elementor-widget-image\" data-id=\"59fceb6\" data-element_type=\"widget\" data-e-type=\"widget\" data-widget_type=\"theme-site-logo.default\">\n\t\t\t\t\t\t\t\t\t\t\t<a href=\"https:\/\/wonderdome.de\/de\">\n\t\t\t<img fetchpriority=\"high\" decoding=\"async\" width=\"1733\" height=\"304\" src=\"https:\/\/wonderdome.de\/wp-content\/uploads\/2026\/02\/Logo.png\" class=\"attachment-full size-full wp-image-17\" alt=\"\" srcset=\"https:\/\/wonderdome.de\/wp-content\/uploads\/2026\/02\/Logo.png 1733w, https:\/\/wonderdome.de\/wp-content\/uploads\/2026\/02\/Logo-300x53.png 300w, https:\/\/wonderdome.de\/wp-content\/uploads\/2026\/02\/Logo-1024x180.png 1024w, https:\/\/wonderdome.de\/wp-content\/uploads\/2026\/02\/Logo-768x135.png 768w, https:\/\/wonderdome.de\/wp-content\/uploads\/2026\/02\/Logo-1536x269.png 1536w\" sizes=\"(max-width: 1733px) 100vw, 1733px\" \/>\t\t\t\t<\/a>\n\t\t\t\t\t\t\t\t\t\t\t<\/div>\n\t\t<div class=\"elementor-element elementor-element-1002e34 e-con-full e-flex e-con e-child\" data-id=\"1002e34\" data-element_type=\"container\" data-e-type=\"container\">\n\t\t\t\t<div class=\"elementor-element elementor-element-e170896 elementor-widget elementor-widget-button\" data-id=\"e170896\" data-element_type=\"widget\" data-e-type=\"widget\" data-widget_type=\"button.default\">\n\t\t\t\t\t\t\t\t\t\t<a class=\"elementor-button elementor-button-link elementor-size-sm\" href=\"https:\/\/www.eventim-light.com\/de\/a\/697fe2910402f7225d26b5db\/s\/698277eb78027843e7e40cc5\">\n\t\t\t\t\t\t<span class=\"elementor-button-content-wrapper\">\n\t\t\t\t\t\t<span class=\"elementor-button-icon\">\n\t\t\t\t<svg aria-hidden=\"true\" class=\"e-font-icon-svg e-fas-ticket-alt\" viewBox=\"0 0 576 512\" xmlns=\"http:\/\/www.w3.org\/2000\/svg\"><path d=\"M128 160h320v192H128V160zm400 96c0 26.51 21.49 48 48 48v96c0 26.51-21.49 48-48 48H48c-26.51 0-48-21.49-48-48v-96c26.51 0 48-21.49 48-48s-21.49-48-48-48v-96c0-26.51 21.49-48 48-48h480c26.51 0 48 21.49 48 48v96c-26.51 0-48 21.49-48 48zm-48-104c0-13.255-10.745-24-24-24H120c-13.255 0-24 10.745-24 24v208c0 13.255 10.745 24 24 24h336c13.255 0 24-10.745 24-24V152z\"><\/path><\/svg>\t\t\t<\/span>\n\t\t\t\t\t\t\t\t\t<span class=\"elementor-button-text\">TICKETS<\/span>\n\t\t\t\t\t<\/span>\n\t\t\t\t\t<\/a>\n\t\t\t\t\t\t\t\t<\/div>\n\t\t\t\t<div class=\"elementor-element elementor-element-559944f elementor-nav-menu__align-center elementor-nav-menu--dropdown-none elementor-widget elementor-widget-nav-menu\" data-id=\"559944f\" data-element_type=\"widget\" data-e-type=\"widget\" data-settings=\"{&quot;layout&quot;:&quot;horizontal&quot;,&quot;submenu_icon&quot;:{&quot;value&quot;:&quot;&lt;svg aria-hidden=\\&quot;true\\&quot; class=\\&quot;e-font-icon-svg e-fas-caret-down\\&quot; viewBox=\\&quot;0 0 320 512\\&quot; xmlns=\\&quot;http:\\\/\\\/www.w3.org\\\/2000\\\/svg\\&quot;&gt;&lt;path d=\\&quot;M31.3 192h257.3c17.8 0 26.7 21.5 14.1 34.1L174.1 354.8c-7.8 7.8-20.5 7.8-28.3 0L17.2 226.1C4.6 213.5 13.5 192 31.3 192z\\&quot;&gt;&lt;\\\/path&gt;&lt;\\\/svg&gt;&quot;,&quot;library&quot;:&quot;fa-solid&quot;}}\" data-widget_type=\"nav-menu.default\">\n\t\t\t\t\t\t\t\t<nav aria-label=\"Menu\" class=\"elementor-nav-menu--main elementor-nav-menu__container elementor-nav-menu--layout-horizontal e--pointer-underline e--animation-fade\">\n\t\t\t\t<ul id=\"menu-1-559944f\" class=\"elementor-nav-menu\"><li class=\"menu-item menu-item-type-post_type menu-item-object-page menu-item-home menu-item-93\"><a href=\"https:\/\/wonderdome.de\/de\/\" class=\"elementor-item\">HOME<\/a><\/li>\n<\/ul>\t\t\t<\/nav>\n\t\t\t\t\t\t<nav class=\"elementor-nav-menu--dropdown elementor-nav-menu__container\" aria-hidden=\"true\">\n\t\t\t\t<ul id=\"menu-2-559944f\" class=\"elementor-nav-menu\"><li class=\"menu-item menu-item-type-post_type menu-item-object-page menu-item-home menu-item-93\"><a href=\"https:\/\/wonderdome.de\/de\/\" class=\"elementor-item\" tabindex=\"-1\">HOME<\/a><\/li>\n<\/ul>\t\t\t<\/nav>\n\t\t\t\t\t\t<\/div>\n\t\t\t\t<\/div>\n\t\t\t\t<\/div>\n\t\t<div class=\"elementor-element elementor-element-fbf1a15 e-flex e-con-boxed e-con e-parent\" data-id=\"fbf1a15\" data-element_type=\"container\" data-e-type=\"container\" data-settings=\"{&quot;background_background&quot;:&quot;gradient&quot;}\">\n\t\t\t\t\t<div class=\"e-con-inner\">\n\t\t\t\t<div class=\"elementor-element elementor-element-9860d14 elementor-widget elementor-widget-html\" data-id=\"9860d14\" data-element_type=\"widget\" data-e-type=\"widget\" data-widget_type=\"html.default\">\n\t\t\t\t\t\n<div class=\"wd-impressum-wrap\">\n  <div class=\"wd-impressum-hero\">\n    <span class=\"wd-kicker\">Rechtliche Angaben<\/span>\n    <h1>Impressum<\/h1>\n    <p>Angaben gem\u00e4\u00df \u00a7 5 TMG sowie rechtliche Hinweise zur Nutzung dieser Website.<\/p>\n  <\/div>\n\n  <div class=\"wd-info-grid\">\n    <div class=\"wd-info-card\">\n      <div class=\"wd-icon\">\ud83d\udc64<\/div>\n      <h2>Anbieter<\/h2>\n      <p><strong>Harry Huppertz<\/strong><br>Dorfrunde 25<br>19243 Boddin<br>Deutschland<\/p>\n    <\/div>\n\n    <div class=\"wd-info-card\">\n      <div class=\"wd-icon\">\u2709\ufe0f<\/div>\n      <h2>Kontakt<\/h2>\n      <p><strong>E-Mail:<\/strong> <a href=\"mailto:info@wonderdome.de\">info@wonderdome.de<\/a><br><strong>Telefon:<\/strong> <a href=\"tel:+4938853269101\">+49 38853 269101<\/a><\/p>\n    <\/div>\n\n    <div class=\"wd-info-card\">\n      <div class=\"wd-icon\">\u2696\ufe0f<\/div>\n      <h2>Gerichtsstand<\/h2>\n      <p>Amtsgericht Schwerin<\/p>\n    <\/div>\n  <\/div>\n\n  <div class=\"wd-disclaimer-title\">\n    <span class=\"wd-kicker\">Disclaimer<\/span>\n    <h2>Rechtliche Hinweise<\/h2>\n  <\/div>\n\n  <div class=\"wd-legal-card\">\n    <h3>1. Haftungsbeschr\u00e4nkung<\/h3>\n    <p>Die Inhalte dieser Website werden mit gr\u00f6\u00dftm\u00f6glicher Sorgfalt erstellt. Harry Huppertz \u00fcbernimmt jedoch keine Gew\u00e4hr f\u00fcr die Richtigkeit, Vollst\u00e4ndigkeit und Aktualit\u00e4t der bereitgestellten Inhalte.<\/p>\n    <p>Die Nutzung der Inhalte dieser Website erfolgt auf eigene Gefahr der Nutzerinnen und Nutzer. Namentlich gekennzeichnete Beitr\u00e4ge geben die Meinung der jeweiligen Autorinnen und Autoren wieder und nicht zwingend die Meinung von Harry Huppertz.<\/p>\n    <p>Durch die reine Nutzung dieser Website kommt kein Vertragsverh\u00e4ltnis zwischen den Nutzerinnen und Nutzern und Harry Huppertz zustande.<\/p>\n  <\/div>\n\n  <div class=\"wd-legal-card\">\n    <h3>2. Externe Links<\/h3>\n    <p>Diese Website enth\u00e4lt Verlinkungen zu externen Websites Dritter. F\u00fcr die Inhalte dieser externen Seiten sind ausschlie\u00dflich deren jeweilige Betreiber verantwortlich.<\/p>\n    <p>Harry Huppertz hat die externen Links zum Zeitpunkt der erstmaligen Verkn\u00fcpfung auf m\u00f6gliche Rechtsverst\u00f6\u00dfe \u00fcberpr\u00fcft. Zu diesem Zeitpunkt waren keine Rechtsverst\u00f6\u00dfe erkennbar.<\/p>\n    <p>Harry Huppertz hat keinen Einfluss auf die aktuelle und zuk\u00fcnftige Gestaltung sowie auf die Inhalte der verlinkten Seiten. Das Setzen externer Links bedeutet nicht, dass sich Harry Huppertz die dort abrufbaren Inhalte zu eigen macht.<\/p>\n    <p>Eine permanente Kontrolle externer Links ist ohne konkrete Hinweise auf Rechtsverst\u00f6\u00dfe nicht zumutbar. Bei Bekanntwerden entsprechender Rechtsverletzungen werden derartige Links unverz\u00fcglich entfernt.<\/p>\n  <\/div>\n\n  <div class=\"wd-legal-card\">\n    <h3>3. Urheber- und Leistungsschutzrechte<\/h3>\n    <p>Die auf dieser Website ver\u00f6ffentlichten Inhalte unterliegen dem deutschen Urheber- und Leistungsschutzrecht.<\/p>\n    <p>Jede Verwertung, die nicht ausdr\u00fccklich durch das deutsche Urheber- und Leistungsschutzrecht zugelassen ist, bedarf der vorherigen schriftlichen Zustimmung von Harry Huppertz oder der jeweiligen Rechteinhaber.<\/p>\n    <p>Dies gilt insbesondere f\u00fcr Vervielf\u00e4ltigung, Bearbeitung, \u00dcbersetzung, Speicherung, Verarbeitung oder Wiedergabe von Inhalten in Datenbanken, elektronischen Medien und anderen Systemen.<\/p>\n    <p>Inhalte und Rechte Dritter werden, soweit vorhanden, entsprechend gekennzeichnet. Die unerlaubte Vervielf\u00e4ltigung oder Weitergabe einzelner Inhalte oder vollst\u00e4ndiger Seiten ist nicht gestattet.<\/p>\n    <p>Downloads und Kopien dieser Website sind nur f\u00fcr den privaten, pers\u00f6nlichen und nicht kommerziellen Gebrauch erlaubt. Die Darstellung dieser Website in fremden Frames ist nur mit vorheriger schriftlicher Zustimmung zul\u00e4ssig.<\/p>\n  <\/div>\n<\/div>\n\n<style>\n.wd-impressum-wrap{\n  position:relative;\n  max-width:1120px;\n  margin:0 auto;\n  color:#dde3f0;\n  font-family:Roboto, Arial, sans-serif;\n}\n.wd-impressum-hero{\n  margin-bottom:34px;\n}\n.wd-kicker{\n  display:inline-flex;\n  margin-bottom:14px;\n  padding:10px 18px;\n  border:1px solid rgba(249,115,59,.45);\n  border-radius:999px;\n  background:rgba(249,115,59,.12);\n  color:#f9733b;\n  font-family:Oswald, Arial, sans-serif;\n  font-size:15px;\n  font-weight:700;\n  letter-spacing:2px;\n  text-transform:uppercase;\n}\n.wd-impressum-hero h1,\n.wd-disclaimer-title h2{\n  margin:0 0 12px;\n  color:#fff;\n  font-family:Oswald, Arial, sans-serif;\n  font-size:clamp(42px,6vw,68px);\n  line-height:1.05;\n  text-transform:uppercase;\n}\n.wd-impressum-hero p{\n  max-width:720px;\n  margin:0;\n  color:#c7d0e0;\n  font-size:19px;\n  line-height:1.65;\n}\n.wd-info-grid{\n  display:grid;\n  grid-template-columns:repeat(3,1fr);\n  gap:20px;\n  margin:28px 0 44px;\n}\n.wd-info-card,\n.wd-legal-card{\n  border:1px solid rgba(255,255,255,.14);\n  border-radius:22px;\n  background:rgba(255,255,255,.065);\n  box-shadow:0 18px 45px rgba(0,0,0,.24);\n  backdrop-filter:blur(12px);\n  -webkit-backdrop-filter:blur(12px);\n}\n.wd-info-card{\n  padding:26px;\n}\n.wd-icon{\n  width:48px;\n  height:48px;\n  display:flex;\n  align-items:center;\n  justify-content:center;\n  margin-bottom:18px;\n  border-radius:999px;\n  background:#f9733b;\n  color:#fff;\n  font-size:22px;\n}\n.wd-info-card h2,\n.wd-legal-card h3{\n  margin:0 0 12px;\n  color:#fff;\n  font-family:Oswald, Arial, sans-serif;\n  font-size:24px;\n  line-height:1.15;\n  text-transform:uppercase;\n}\n.wd-info-card p,\n.wd-legal-card p{\n  margin:0 0 14px;\n  color:#dde3f0;\n  font-size:16px;\n  line-height:1.75;\n}\n.wd-info-card p:last-child,\n.wd-legal-card p:last-child{\n  margin-bottom:0;\n}\n.wd-info-card a{\n  color:#f9733b;\n  text-decoration:none;\n}\n.wd-info-card a:hover{\n  color:#ffb083;\n}\n.wd-disclaimer-title{\n  margin:6px 0 24px;\n}\n.wd-disclaimer-title h2{\n  font-size:clamp(32px,4vw,48px);\n}\n.wd-legal-card{\n  padding:32px;\n  margin-bottom:20px;\n}\n@media(max-width:900px){\n  .wd-info-grid{\n    grid-template-columns:1fr;\n  }\n}\n@media(max-width:600px){\n  .wd-info-card,\n  .wd-legal-card{\n    border-radius:18px;\n    padding:22px 20px;\n  }\n  .wd-impressum-hero p,\n  .wd-info-card p,\n  .wd-legal-card p{\n    font-size:15px;\n  }\n}\n<\/style>\n\t\t\t\t<\/div>\n\t\t\t\t\t<\/div>\n\t\t\t\t<\/div>\n\t\t<footer class=\"elementor-element elementor-element-91a0234 e-flex e-con-boxed e-con e-parent\" data-id=\"91a0234\" data-element_type=\"container\" data-e-type=\"container\" data-settings=\"{&quot;background_background&quot;:&quot;gradient&quot;}\">\n\t\t\t\t\t<div class=\"e-con-inner\">\n\t\t<div class=\"elementor-element elementor-element-761e821 e-con-full e-flex e-con e-child\" data-id=\"761e821\" data-element_type=\"container\" data-e-type=\"container\">\n\t\t<div class=\"elementor-element elementor-element-636aa30 e-con-full e-flex e-con e-child\" data-id=\"636aa30\" data-element_type=\"container\" data-e-type=\"container\">\n\t\t\t\t<div class=\"elementor-element elementor-element-ba34b99 elementor-widget elementor-widget-image\" data-id=\"ba34b99\" data-element_type=\"widget\" data-e-type=\"widget\" data-widget_type=\"image.default\">\n\t\t\t\t\t\t\t\t\t\t\t\t\t\t\t\t<a href=\"https:\/\/wonderdome.de\/\">\n\t\t\t\t\t\t\t<img fetchpriority=\"high\" decoding=\"async\" width=\"1733\" height=\"304\" src=\"https:\/\/wonderdome.de\/wp-content\/uploads\/2026\/02\/Logo.png\" class=\"attachment-full size-full wp-image-17\" alt=\"\" srcset=\"https:\/\/wonderdome.de\/wp-content\/uploads\/2026\/02\/Logo.png 1733w, https:\/\/wonderdome.de\/wp-content\/uploads\/2026\/02\/Logo-300x53.png 300w, https:\/\/wonderdome.de\/wp-content\/uploads\/2026\/02\/Logo-1024x180.png 1024w, https:\/\/wonderdome.de\/wp-content\/uploads\/2026\/02\/Logo-768x135.png 768w, https:\/\/wonderdome.de\/wp-content\/uploads\/2026\/02\/Logo-1536x269.png 1536w\" sizes=\"(max-width: 1733px) 100vw, 1733px\" \/>\t\t\t\t\t\t\t\t<\/a>\n\t\t\t\t\t\t\t\t\t\t\t\t\t\t\t<\/div>\n\t\t\t\t<div class=\"elementor-element elementor-element-45e3e11 elementor-widget elementor-widget-text-editor\" data-id=\"45e3e11\" data-element_type=\"widget\" data-e-type=\"widget\" data-widget_type=\"text-editor.default\">\n\t\t\t\t\t\t\t\t\t<p>Indoor-Familien-Erlebniswelt in Hamburg mit Shows, Meet &#038; Greets, Superhelden-Action, High-Tech-Dinosauriern und vielen Fotomomenten.<\/p>\t\t\t\t\t\t\t\t<\/div>\n\t\t\t\t<\/div>\n\t\t<div class=\"elementor-element elementor-element-280c6cc e-con-full e-flex e-con e-child\" data-id=\"280c6cc\" data-element_type=\"container\" data-e-type=\"container\">\n\t\t\t\t<div class=\"elementor-element elementor-element-5793593 elementor-widget elementor-widget-heading\" data-id=\"5793593\" data-element_type=\"widget\" data-e-type=\"widget\" data-widget_type=\"heading.default\">\n\t\t\t\t\t<h3 class=\"elementor-heading-title elementor-size-default\">Kontakt<\/h3>\t\t\t\t<\/div>\n\t\t\t\t<div class=\"elementor-element elementor-element-abecb90 elementor-align-start elementor-icon-list--layout-traditional elementor-list-item-link-full_width elementor-widget elementor-widget-icon-list\" data-id=\"abecb90\" data-element_type=\"widget\" data-e-type=\"widget\" data-widget_type=\"icon-list.default\">\n\t\t\t\t\t\t\t<ul class=\"elementor-icon-list-items\">\n\t\t\t\t\t\t\t<li class=\"elementor-icon-list-item\">\n\t\t\t\t\t\t\t\t\t\t\t<a href=\"https:\/\/wonderdome.de\/impressum\/\">\n\n\t\t\t\t\t\t\t\t\t\t\t\t<span class=\"elementor-icon-list-icon\">\n\t\t\t\t\t\t\t<i aria-hidden=\"true\" class=\"fas fa-scale-balanced\"><\/i>\t\t\t\t\t\t<\/span>\n\t\t\t\t\t\t\t\t\t\t<span class=\"elementor-icon-list-text\">Impressum<\/span>\n\t\t\t\t\t\t\t\t\t\t\t<\/a>\n\t\t\t\t\t\t\t\t\t<\/li>\n\t\t\t\t\t\t\t\t<li class=\"elementor-icon-list-item\">\n\t\t\t\t\t\t\t\t\t\t\t<a href=\"mailto:info@wonderdome.de\">\n\n\t\t\t\t\t\t\t\t\t\t\t\t<span class=\"elementor-icon-list-icon\">\n\t\t\t\t\t\t\t<svg aria-hidden=\"true\" class=\"e-font-icon-svg e-fas-envelope\" viewBox=\"0 0 512 512\" xmlns=\"http:\/\/www.w3.org\/2000\/svg\"><path d=\"M502.3 190.8c3.9-3.1 9.7-.2 9.7 4.7V400c0 26.5-21.5 48-48 48H48c-26.5 0-48-21.5-48-48V195.6c0-5 5.7-7.8 9.7-4.7 22.4 17.4 52.1 39.5 154.1 113.6 21.1 15.4 56.7 47.8 92.2 47.6 35.7.3 72-32.8 92.3-47.6 102-74.1 131.6-96.3 154-113.7zM256 320c23.2.4 56.6-29.2 73.4-41.4 132.7-96.3 142.8-104.7 173.4-128.7 5.8-4.5 9.2-11.5 9.2-18.9v-19c0-26.5-21.5-48-48-48H48C21.5 64 0 85.5 0 112v19c0 7.4 3.4 14.3 9.2 18.9 30.6 23.9 40.7 32.4 173.4 128.7 16.8 12.2 50.2 41.8 73.4 41.4z\"><\/path><\/svg>\t\t\t\t\t\t<\/span>\n\t\t\t\t\t\t\t\t\t\t<span class=\"elementor-icon-list-text\">info@wonderdome.de<\/span>\n\t\t\t\t\t\t\t\t\t\t\t<\/a>\n\t\t\t\t\t\t\t\t\t<\/li>\n\t\t\t\t\t\t<\/ul>\n\t\t\t\t\t\t<\/div>\n\t\t\t\t<\/div>\n\t\t<div class=\"elementor-element elementor-element-51d5e40 e-con-full e-flex e-con e-child\" data-id=\"51d5e40\" data-element_type=\"container\" data-e-type=\"container\">\n\t\t\t\t<div class=\"elementor-element elementor-element-6d94f28 elementor-widget elementor-widget-heading\" data-id=\"6d94f28\" data-element_type=\"widget\" data-e-type=\"widget\" data-widget_type=\"heading.default\">\n\t\t\t\t\t<h3 class=\"elementor-heading-title elementor-size-default\">Folgt uns<\/h3>\t\t\t\t<\/div>\n\t\t\t\t<div class=\"elementor-element elementor-element-810232e elementor-widget elementor-widget-text-editor\" data-id=\"810232e\" data-element_type=\"widget\" data-e-type=\"widget\" data-widget_type=\"text-editor.default\">\n\t\t\t\t\t\t\t\t\t<p>Teilt eure WonderDome-Momente und markiert uns auf Social Media.<\/p>\t\t\t\t\t\t\t\t<\/div>\n\t\t\t\t<div class=\"elementor-element elementor-element-74c48f4 elementor-shape-circle e-grid-align-left e-grid-align-mobile-center elementor-grid-0 elementor-widget elementor-widget-social-icons\" data-id=\"74c48f4\" data-element_type=\"widget\" data-e-type=\"widget\" data-widget_type=\"social-icons.default\">\n\t\t\t\t\t\t\t<div class=\"elementor-social-icons-wrapper elementor-grid\" role=\"list\">\n\t\t\t\t\t\t\t<span class=\"elementor-grid-item\" role=\"listitem\">\n\t\t\t\t\t<a class=\"elementor-icon elementor-social-icon elementor-social-icon-facebook-f elementor-animation-grow elementor-repeater-item-9c6fd48\" href=\"https:\/\/www.facebook.com\/profile.php?id=61587537622314\" target=\"_blank\">\n\t\t\t\t\t\t<span class=\"elementor-screen-only\">Facebook-f<\/span>\n\t\t\t\t\t\t<svg aria-hidden=\"true\" class=\"e-font-icon-svg e-fab-facebook-f\" viewBox=\"0 0 320 512\" xmlns=\"http:\/\/www.w3.org\/2000\/svg\"><path d=\"M279.14 288l14.22-92.66h-88.91v-60.13c0-25.35 12.42-50.06 52.24-50.06h40.42V6.26S260.43 0 225.36 0c-73.22 0-121.08 44.38-121.08 124.72v70.62H22.89V288h81.39v224h100.17V288z\"><\/path><\/svg>\t\t\t\t\t<\/a>\n\t\t\t\t<\/span>\n\t\t\t\t\t\t\t<span class=\"elementor-grid-item\" role=\"listitem\">\n\t\t\t\t\t<a class=\"elementor-icon elementor-social-icon elementor-social-icon-instagram elementor-animation-grow elementor-repeater-item-cdc80ac\" href=\"https:\/\/www.instagram.com\/wonderdome.experience\/\" target=\"_blank\">\n\t\t\t\t\t\t<span class=\"elementor-screen-only\">Instagram<\/span>\n\t\t\t\t\t\t<svg aria-hidden=\"true\" class=\"e-font-icon-svg e-fab-instagram\" viewBox=\"0 0 448 512\" xmlns=\"http:\/\/www.w3.org\/2000\/svg\"><path d=\"M224.1 141c-63.6 0-114.9 51.3-114.9 114.9s51.3 114.9 114.9 114.9S339 319.5 339 255.9 287.7 141 224.1 141zm0 189.6c-41.1 0-74.7-33.5-74.7-74.7s33.5-74.7 74.7-74.7 74.7 33.5 74.7 74.7-33.6 74.7-74.7 74.7zm146.4-194.3c0 14.9-12 26.8-26.8 26.8-14.9 0-26.8-12-26.8-26.8s12-26.8 26.8-26.8 26.8 12 26.8 26.8zm76.1 27.2c-1.7-35.9-9.9-67.7-36.2-93.9-26.2-26.2-58-34.4-93.9-36.2-37-2.1-147.9-2.1-184.9 0-35.8 1.7-67.6 9.9-93.9 36.1s-34.4 58-36.2 93.9c-2.1 37-2.1 147.9 0 184.9 1.7 35.9 9.9 67.7 36.2 93.9s58 34.4 93.9 36.2c37 2.1 147.9 2.1 184.9 0 35.9-1.7 67.7-9.9 93.9-36.2 26.2-26.2 34.4-58 36.2-93.9 2.1-37 2.1-147.8 0-184.8zM398.8 388c-7.8 19.6-22.9 34.7-42.6 42.6-29.5 11.7-99.5 9-132.1 9s-102.7 2.6-132.1-9c-19.6-7.8-34.7-22.9-42.6-42.6-11.7-29.5-9-99.5-9-132.1s-2.6-102.7 9-132.1c7.8-19.6 22.9-34.7 42.6-42.6 29.5-11.7 99.5-9 132.1-9s102.7-2.6 132.1 9c19.6 7.8 34.7 22.9 42.6 42.6 11.7 29.5 9 99.5 9 132.1s2.7 102.7-9 132.1z\"><\/path><\/svg>\t\t\t\t\t<\/a>\n\t\t\t\t<\/span>\n\t\t\t\t\t\t\t<span class=\"elementor-grid-item\" role=\"listitem\">\n\t\t\t\t\t<a class=\"elementor-icon elementor-social-icon elementor-social-icon-tiktok elementor-animation-grow elementor-repeater-item-3c7ea6a\" href=\"https:\/\/www.tiktok.com\/@wonderdome.experience\" target=\"_blank\">\n\t\t\t\t\t\t<span class=\"elementor-screen-only\">Tiktok<\/span>\n\t\t\t\t\t\t<svg aria-hidden=\"true\" class=\"e-font-icon-svg e-fab-tiktok\" viewBox=\"0 0 448 512\" xmlns=\"http:\/\/www.w3.org\/2000\/svg\"><path d=\"M448,209.91a210.06,210.06,0,0,1-122.77-39.25V349.38A162.55,162.55,0,1,1,185,188.31V278.2a74.62,74.62,0,1,0,52.23,71.18V0l88,0a121.18,121.18,0,0,0,1.86,22.17h0A122.18,122.18,0,0,0,381,102.39a121.43,121.43,0,0,0,67,20.14Z\"><\/path><\/svg>\t\t\t\t\t<\/a>\n\t\t\t\t<\/span>\n\t\t\t\t\t<\/div>\n\t\t\t\t\t\t<\/div>\n\t\t\t\t<\/div>\n\t\t\t\t<\/div>\n\t\t<div class=\"elementor-element elementor-element-82e8f32 e-con-full e-flex e-con e-child\" data-id=\"82e8f32\" data-element_type=\"container\" data-e-type=\"container\">\n\t\t\t\t<div class=\"elementor-element elementor-element-4e56858 elementor-widget elementor-widget-text-editor\" data-id=\"4e56858\" data-element_type=\"widget\" data-e-type=\"widget\" data-widget_type=\"text-editor.default\">\n\t\t\t\t\t\t\t\t\t<p>\u00a9 2026 WonderDome Experience Hamburg. Alle Rechte vorbehalten.<\/p>\t\t\t\t\t\t\t\t<\/div>\n\t\t\t\t<\/div>\n\t\t\t\t\t<\/div>\n\t\t\t\t<\/footer>\n\t\t\t\t<\/div>\n\t\t","protected":false},"excerpt":{"rendered":"<p>TICKETS Rechtliche Angaben Impressum Angaben gem\u00e4\u00df \u00a7 5 TMG sowie rechtliche Hinweise zur Nutzung dieser Website. \ud83d\udc64 Anbieter Harry HuppertzDorfrunde 2519243 BoddinDeutschland \u2709\ufe0f Kontakt E-Mail: info@wonderdome.deTelefon: +49 38853 269101 \u2696\ufe0f Gerichtsstand Amtsgericht Schwerin Disclaimer Rechtliche Hinweise 1. Haftungsbeschr\u00e4nkung Die Inhalte dieser Website werden mit gr\u00f6\u00dftm\u00f6glicher Sorgfalt erstellt. Harry Huppertz \u00fcbernimmt jedoch keine Gew\u00e4hr f\u00fcr die [&hellip;]<\/p>\n","protected":false},"author":1,"featured_media":0,"parent":0,"menu_order":0,"comment_status":"closed","ping_status":"closed","template":"elementor_canvas","meta":{"footnotes":""},"class_list":["post-72","page","type-page","status-publish","hentry"],"_links":{"self":[{"href":"https:\/\/wonderdome.de\/de\/wp-json\/wp\/v2\/pages\/72","targetHints":{"allow":["GET"]}}],"collection":[{"href":"https:\/\/wonderdome.de\/de\/wp-json\/wp\/v2\/pages"}],"about":[{"href":"https:\/\/wonderdome.de\/de\/wp-json\/wp\/v2\/types\/page"}],"author":[{"embeddable":true,"href":"https:\/\/wonderdome.de\/de\/wp-json\/wp\/v2\/users\/1"}],"replies":[{"embeddable":true,"href":"https:\/\/wonderdome.de\/de\/wp-json\/wp\/v2\/comments?post=72"}],"version-history":[{"count":58,"href":"https:\/\/wonderdome.de\/de\/wp-json\/wp\/v2\/pages\/72\/revisions"}],"predecessor-version":[{"id":611,"href":"https:\/\/wonderdome.de\/de\/wp-json\/wp\/v2\/pages\/72\/revisions\/611"}],"wp:attachment":[{"href":"https:\/\/wonderdome.de\/de\/wp-json\/wp\/v2\/media?parent=72"}],"curies":[{"name":"wp","href":"https:\/\/api.w.org\/{rel}","templated":true}]}}